{"id":94,"date":"2011-11-04T14:03:38","date_gmt":"2011-11-04T14:03:38","guid":{"rendered":"http:\/\/www.moulinahuilecoudoux.com\/site\/?page_id=94"},"modified":"2020-02-13T10:22:22","modified_gmt":"2020-02-13T10:22:22","slug":"une-saveur-rare","status":"publish","type":"page","link":"http:\/\/www.moulinahuilecoudoux.com\/site\/nos-huiles-dolive\/une-saveur-rare","title":{"rendered":"Une saveur rare"},"content":{"rendered":"<p>[et_pb_section fb_built=\u00a0\u00bb1&Prime; custom_padding_last_edited=\u00a0\u00bboff|desktop\u00a0\u00bb admin_label=\u00a0\u00bbHeader Section\u00a0\u00bb _builder_version=\u00a0\u00bb4.0.9&Prime; use_background_color_gradient=\u00a0\u00bbon\u00a0\u00bb background_color_gradient_start=\u00a0\u00bb#ffffff\u00a0\u00bb background_color_gradient_end=\u00a0\u00bbrgba(255,255,255,0)\u00a0\u00bb background_color_gradient_start_position=\u00a0\u00bb40%\u00a0\u00bb background_color_gradient_overlays_image=\u00a0\u00bbon\u00a0\u00bb background_image=\u00a0\u00bbhttp:\/\/www.moulinahuilecoudoux.com\/site\/wp-content\/uploads\/2020\/01\/moulin-de-coudoux-poeme-de-lolive.png\u00a0\u00bb min_height=\u00a0\u00bb512px\u00a0\u00bb custom_padding=\u00a0\u00bb2.7%|0px|9.8%|0px||\u00a0\u00bb custom_padding_tablet=\u00a0\u00bb320px|0px|0px|0px\u00a0\u00bb][et_pb_row admin_label=\u00a0\u00bbHeader Row\u00a0\u00bb _builder_version=\u00a0\u00bb3.25&Prime;][et_pb_column type=\u00a0\u00bb4_4&Prime; _builder_version=\u00a0\u00bb3.25&Prime; custom_padding=\u00a0\u00bb|||\u00a0\u00bb custom_padding__hover=\u00a0\u00bb|||\u00a0\u00bb][et_pb_text _builder_version=\u00a0\u00bb4.0.9&Prime; text_font=\u00a0\u00bbOpen Sans|600|||||||\u00a0\u00bb text_text_color=\u00a0\u00bb#6b6b6b\u00a0\u00bb text_font_size=\u00a0\u00bb16px\u00a0\u00bb text_line_height=\u00a0\u00bb1.8em\u00a0\u00bb header_font=\u00a0\u00bbOswald|||on|||||\u00a0\u00bb header_font_size=\u00a0\u00bb60px\u00a0\u00bb header_letter_spacing=\u00a0\u00bb5px\u00a0\u00bb header_line_height=\u00a0\u00bb1.4em\u00a0\u00bb text_orientation=\u00a0\u00bbcenter\u00a0\u00bb max_width=\u00a0\u00bb700px\u00a0\u00bb module_alignment=\u00a0\u00bbcenter\u00a0\u00bb custom_margin=\u00a0\u00bb||-50px|||\u00a0\u00bb custom_padding=\u00a0\u00bb66px|||||\u00a0\u00bb animation_style=\u00a0\u00bbfade\u00a0\u00bb]<\/p>\n<h1><span style=\"color: #4c4c4c;\">UNE SAVEUR RARE<\/span><\/h1>\n<p>[\/et_pb_text][\/et_pb_column][\/et_pb_row][\/et_pb_section][et_pb_section fb_built=\u00a0\u00bb1&Prime; _builder_version=\u00a0\u00bb4.0.9&Prime; custom_margin=\u00a0\u00bb67px|||||\u00a0\u00bb][et_pb_row _builder_version=\u00a0\u00bb4.0.9&Prime; background_color=\u00a0\u00bb#00722d\u00a0\u00bb custom_margin=\u00a0\u00bb-181px|auto||auto||\u00a0\u00bb custom_padding=\u00a0\u00bb27px||54px|||\u00a0\u00bb][et_pb_column type=\u00a0\u00bb4_4&Prime; _builder_version=\u00a0\u00bb4.0.9&Prime;][et_pb_text _builder_version=\u00a0\u00bb4.0.9&Prime; text_font=\u00a0\u00bb|600|||||||\u00a0\u00bb text_text_color=\u00a0\u00bb#ffffff\u00a0\u00bb text_font_size=\u00a0\u00bb31px\u00a0\u00bb text_letter_spacing=\u00a0\u00bb2px\u00a0\u00bb text_line_height=\u00a0\u00bb1.8em\u00a0\u00bb custom_padding=\u00a0\u00bb||0px|0px||\u00a0\u00bb]<\/p>\n<p style=\"text-align: center;\">\u00a0<span>Le vrai \u00ab\u00a0fruit\u00e9 noir\u00a0\u00bb, une saveur rare<\/span><\/p>\n<p>[\/et_pb_text][\/et_pb_column][\/et_pb_row][et_pb_row column_structure=\u00a0\u00bb1_5,3_5,1_5&Prime; _builder_version=\u00a0\u00bb4.0.9&Prime; background_color=\u00a0\u00bb#00722d\u00a0\u00bb custom_margin=\u00a0\u00bb-196px|auto||auto||\u00a0\u00bb custom_padding=\u00a0\u00bb27px||54px|||\u00a0\u00bb][et_pb_column type=\u00a0\u00bb1_5&Prime; _builder_version=\u00a0\u00bb4.0.9&Prime;][\/et_pb_column][et_pb_column type=\u00a0\u00bb3_5&Prime; _builder_version=\u00a0\u00bb4.0.9&Prime;][et_pb_text _builder_version=\u00a0\u00bb4.0.9&Prime; text_text_color=\u00a0\u00bb#ffffff\u00a0\u00bb text_font_size=\u00a0\u00bb21px\u00a0\u00bb text_letter_spacing=\u00a0\u00bb2px\u00a0\u00bb text_line_height=\u00a0\u00bb1.8em\u00a0\u00bb custom_margin=\u00a0\u00bb-3px|||||\u00a0\u00bb custom_padding=\u00a0\u00bb||0px|0px||\u00a0\u00bb custom_padding_tablet=\u00a0\u00bb\u00a0\u00bb custom_padding_phone=\u00a0\u00bb|5px|0px|15px|false|false\u00a0\u00bb custom_padding_last_edited=\u00a0\u00bbon|phone\u00a0\u00bb]<\/p>\n<p>&nbsp;<\/p>\n<h1><span>\u00a0<\/span><\/h1>\n<p>Pour obtenir une huile \u201cfruit\u00e9 noir\u201d, les olives subissent\u00a0<strong><span style=\"color: #c7c500;\">une phase de maturation contr\u00f4l\u00e9e<\/span><\/strong>\u00a0de deux \u00e0 sept jours. C\u2019est l\u2019huile comme on prenait le temps de la produire jadis. Cette \u00e9tape de<strong>\u00a0<span style=\"color: #c7c500;\">\u201csurmaturation\u201d<\/span><\/strong>\u00a0permet de cr\u00e9er une huile \u00e0 la saveur particuli\u00e8re, caract\u00e9ris\u00e9e par des parfums de champignon, de foin coup\u00e9, avec un ar\u00f4me de fond \u00e9voquant la noisette. Les ar\u00f4mes du \u201cfruit\u00e9 noir\u201d rappellent aussi typiquement l\u2019olive noire. Toutes ces saveurs contribuent \u00e0 l\u2019\u00e9quilibre de <strong><span style=\"color: #c7c500;\">cette huile douce en bouche et particuli\u00e8rement fruit\u00e9e\u00a0sans amertume ni ardence.<\/span><\/strong><\/p>\n<p>[\/et_pb_text][\/et_pb_column][et_pb_column type=\u00a0\u00bb1_5&Prime; _builder_version=\u00a0\u00bb4.0.9&Prime;][\/et_pb_column][\/et_pb_row][\/et_pb_section][et_pb_section fb_built=\u00a0\u00bb1&Prime; _builder_version=\u00a0\u00bb3.22&Prime; custom_margin=\u00a0\u00bb-65px|||||\u00a0\u00bb custom_padding=\u00a0\u00bb120px|0px|60px|0px\u00a0\u00bb][et_pb_row _builder_version=\u00a0\u00bb4.0.9&Prime; custom_padding=\u00a0\u00bb22px|||||\u00a0\u00bb][et_pb_column type=\u00a0\u00bb4_4&Prime; _builder_version=\u00a0\u00bb4.0.9&Prime;][et_pb_text _builder_version=\u00a0\u00bb4.0.9&Prime; text_font=\u00a0\u00bbArial|700|||||||\u00a0\u00bb text_font_size=\u00a0\u00bb36px\u00a0\u00bb background_color=\u00a0\u00bbrgba(0,0,0,0)\u00a0\u00bb]<\/p>\n<p>NOS RECOMPENSES<\/p>\n<p>[\/et_pb_text][\/et_pb_column][\/et_pb_row][et_pb_row column_structure=\u00a0\u00bb1_4,3_4&Prime; _builder_version=\u00a0\u00bb4.0.9&Prime;][et_pb_column type=\u00a0\u00bb1_4&Prime; _builder_version=\u00a0\u00bb4.0.9&Prime;][et_pb_image src=\u00a0\u00bbhttp:\/\/www.moulinahuilecoudoux.com\/site\/wp-content\/uploads\/2020\/01\/moulin-de-coudoux-concours-general-1.png\u00a0\u00bb _builder_version=\u00a0\u00bb4.0.9&Prime;][\/et_pb_image][et_pb_image src=\u00a0\u00bbhttp:\/\/www.moulinahuilecoudoux.com\/site\/wp-content\/uploads\/2011\/11\/Medaille-argent-coudoux-11-.jpg\u00a0\u00bb align=\u00a0\u00bbcenter\u00a0\u00bb _builder_version=\u00a0\u00bb4.0.9&Prime;][\/et_pb_image][\/et_pb_column][et_pb_column type=\u00a0\u00bb3_4&Prime; _builder_version=\u00a0\u00bb4.0.9&Prime;][et_pb_text _builder_version=\u00a0\u00bb4.0.9&Prime; hover_enabled=\u00a0\u00bb0&Prime;]<\/p>\n<p><strong><span>2018 <\/span><\/strong>M\u00e9daille d\u2019Or au <strong>concours r\u00e9gional de Nyons pour <span><strong>l\u2019AOP<\/strong><br \/> 2018 <\/span><\/strong>M\u00e9daille d\u2019argent au <strong>concours g\u00e9n\u00e9ral agricole pour la Tradition.<br \/><\/strong><strong><span>2017\u00a0\u00a0<\/span><\/strong>M\u00e9daille d\u2019Or<strong> au concours r\u00e9gional de Nyons pour <span>l\u2019AOP<br \/><\/span><\/strong><strong>2017\u00a0<\/strong><span>M\u00e9daille d&rsquo;argent au <strong>concours G\u00e9n\u00e9ral Agricole\u00a0<\/strong><\/span><strong>M\u00e9thode traditionnelle<\/strong><br \/> <strong>2016\u00a0<\/strong><span>M\u00e9daille de bronze au <strong>concours G\u00e9n\u00e9ral Agricole\u00a0<\/strong><\/span><strong>M\u00e9thode traditionnelle<br \/> <\/strong><strong>2014 <\/strong>M\u00e9daille d or<strong>\u00a0<span>concours r\u00e9gional\u00a0<\/span>des huile d\u2019olives\u00a0PACA\u00a0AOC<br \/> <\/strong><strong>2013 <\/strong>M\u00e9daille d or<strong>\u00a0<span>concours r\u00e9gional\u00a0<\/span>des huile d\u2019olives\u00a0PACA\u00a0AOC<br \/> <\/strong><strong>2011<\/strong><span>\u00a0M\u00e9daille d\u2019argent au <strong>concours G\u00e9n\u00e9ral Agricole\u00a0<\/strong><\/span><strong>AOC<\/strong><br \/> <strong>2010<\/strong><span>\u00a0M\u00e9daille d\u2019or au <strong>concours G\u00e9n\u00e9ral Agricole\u00a0<\/strong><\/span><strong>AOC<\/strong><br \/> <strong>2010<\/strong><span>\u00a0M\u00e9daille d\u2019argent au <strong>concours\u00a0r\u00e9gional\u00a0<\/strong><\/span><span>des huiles d\u2019olives\u00a0<strong>PACA\u00a0M\u00e9thode traditionnelle<\/strong><\/span><br \/> <strong>2010<\/strong><span>\u00a0M\u00e9daille de bronze au <strong>concours r\u00e9gional\u00a0<\/strong><\/span><strong>des huiles d\u2019olives\u00a0PACA\u00a0AOC<\/strong><br \/> <strong>2009<\/strong><span>\u00a0M\u00e9daille d\u2019argent au <strong>Concours G\u00e9n\u00e9ral Agricole\u00a0<\/strong><\/span><strong>AOC<\/strong><br \/> <strong>2009<\/strong><span>\u00a0M\u00e9daille d\u2019or au <strong>Concours G\u00e9n\u00e9ral Agricole\u00a0<\/strong><\/span><strong>M\u00e9thode traditionnelle<\/strong><br \/> <strong>2008<\/strong><span>\u00a0M\u00e9daille d\u2019or au <strong>Concours G\u00e9n\u00e9ral Agricole\u00a0<\/strong><\/span><strong>M\u00e9thode traditionnelle<\/strong><br \/> <strong>2005<\/strong><span>\u00a0M\u00e9daille d\u2019or au <strong>Concours G\u00e9n\u00e9ral Agricole\u00a0<\/strong><\/span><strong>AOC<\/strong><br \/> <strong>2005<\/strong><span>\u00a0M\u00e9daille d\u2019or au <strong>Concours G\u00e9n\u00e9ral Agricole\u00a0<\/strong><\/span><strong>M\u00e9thode traditionnelle<\/strong><br \/> <strong>2002<\/strong><span>\u00a0M\u00e9daille d\u2019argent au <strong>Concours G\u00e9n\u00e9ral Agricole<\/strong><\/span><strong>\u00a0AOC<\/strong><br \/> <strong>2001<\/strong><span>\u00a0<strong>Grand prix des consommateurs<\/strong> des huiles d\u2019olives\u00a0<\/span><span>\u00ab\u00a0La Provence\u00a0\u00bb<\/span><br \/> <strong>1999<\/strong><span>\u00a0L\u2019huile de Coudoux obtient\u00a0<\/span><span>l\u2019Appellation d\u2019Origine Contr\u00f4l\u00e9e\u00a0\u00ab\u00a0Huile d\u2019olive d\u2019Aix-en-Provence\u00a0\u00bb<strong>AOC<\/strong><\/span><br \/> <strong>1991<\/strong><span>\u00a0M\u00e9daille d\u2019or au <strong>Concours G\u00e9n\u00e9ral Agricole\u00a0<\/strong><\/span><strong>M\u00e9thode traditionnelle<\/strong><\/p>\n<p>[\/et_pb_text][\/et_pb_column][\/et_pb_row][\/et_pb_section][et_pb_section fb_built=\u00a0\u00bb1&Prime; specialty=\u00a0\u00bbon\u00a0\u00bb _builder_version=\u00a0\u00bb4.0.9&Prime; background_color=\u00a0\u00bb#00722d\u00a0\u00bb][et_pb_column type=\u00a0\u00bb1_3&Prime; _builder_version=\u00a0\u00bb3.25&Prime; custom_padding=\u00a0\u00bb|||\u00a0\u00bb custom_padding__hover=\u00a0\u00bb|||\u00a0\u00bb][et_pb_image src=\u00a0\u00bbhttp:\/\/www.moulinahuilecoudoux.com\/site\/wp-content\/uploads\/2020\/01\/1973-MOULIN-DE-COUDOUX-scourtins.png\u00a0\u00bb _builder_version=\u00a0\u00bb4.0.9&Prime; border_width_all=\u00a0\u00bb3px\u00a0\u00bb border_color_all=\u00a0\u00bb#ffffff\u00a0\u00bb][\/et_pb_image][\/et_pb_column][et_pb_column type=\u00a0\u00bb2_3&Prime; specialty_columns=\u00a0\u00bb2&Prime; _builder_version=\u00a0\u00bb3.25&Prime; custom_padding=\u00a0\u00bb|||\u00a0\u00bb custom_padding__hover=\u00a0\u00bb|||\u00a0\u00bb][et_pb_row_inner _builder_version=\u00a0\u00bb4.0.9&Prime; min_height=\u00a0\u00bb86px\u00a0\u00bb][et_pb_column_inner saved_specialty_column_type=\u00a0\u00bb2_3&Prime; _builder_version=\u00a0\u00bb4.0.9&Prime;][et_pb_text _builder_version=\u00a0\u00bb4.0.9&Prime; text_text_color=\u00a0\u00bb#c7c500&Prime; header_font=\u00a0\u00bb|600|||||||\u00a0\u00bb header_text_color=\u00a0\u00bb#c7c500&Prime; custom_margin=\u00a0\u00bb||-21px|||\u00a0\u00bb custom_padding=\u00a0\u00bb11px||27px|||\u00a0\u00bb]<\/p>\n<h1><span>Le cycle \u00e9cologique de l\u2019olive<\/span><\/h1>\n<p>[\/et_pb_text][\/et_pb_column_inner][\/et_pb_row_inner][et_pb_row_inner _builder_version=\u00a0\u00bb4.0.9&Prime;][et_pb_column_inner saved_specialty_column_type=\u00a0\u00bb2_3&Prime; _builder_version=\u00a0\u00bb4.0.9&Prime;][et_pb_text _builder_version=\u00a0\u00bb4.0.9&Prime; text_text_color=\u00a0\u00bb#ffffff\u00a0\u00bb text_font_size=\u00a0\u00bb17px\u00a0\u00bb]<\/p>\n<p><span>Les fragments de noyaux, de peaux, les r\u00e9sidus de pulpe (grignons), comme l\u2019eau de v\u00e9g\u00e9tation issue de l\u2019extraction de l\u2019huile (margines), sont r\u00e9cup\u00e9r\u00e9s et retournent nourrir les oliviers\u2026<\/span><\/p>\n<p>[\/et_pb_text][\/et_pb_column_inner][\/et_pb_row_inner][\/et_pb_column][\/et_pb_section][et_pb_section fb_built=\u00a0\u00bb1&Prime; _builder_version=\u00a0\u00bb4.0.9&Prime; background_color=\u00a0\u00bb#ffffff\u00a0\u00bb min_height=\u00a0\u00bb256px\u00a0\u00bb custom_padding=\u00a0\u00bb0px||0px|||\u00a0\u00bb][et_pb_row _builder_version=\u00a0\u00bb4.0.9&Prime; min_height=\u00a0\u00bb168px\u00a0\u00bb custom_margin=\u00a0\u00bb|auto|-54px|auto||\u00a0\u00bb custom_padding=\u00a0\u00bb||0px|||\u00a0\u00bb][et_pb_column type=\u00a0\u00bb4_4&Prime; _builder_version=\u00a0\u00bb4.0.9&Prime;][et_pb_text _builder_version=\u00a0\u00bb4.0.9&Prime; text_text_color=\u00a0\u00bb#474747&Prime; text_font_size=\u00a0\u00bb45px\u00a0\u00bb text_letter_spacing=\u00a0\u00bb1px\u00a0\u00bb text_line_height=\u00a0\u00bb1.8em\u00a0\u00bb]<\/p>\n<p style=\"text-align: center;\"><span>N\u00e9e de la terre, de retour \u00e0 la terre&#8230;<\/span><\/p>\n<p>[\/et_pb_text][\/et_pb_column][\/et_pb_row][et_pb_row column_structure=\u00a0\u00bb1_4,1_2,1_4&Prime; _builder_version=\u00a0\u00bb4.0.9&Prime; custom_margin=\u00a0\u00bb|auto|-31px|auto||\u00a0\u00bb custom_padding=\u00a0\u00bb||0px|||\u00a0\u00bb][et_pb_column type=\u00a0\u00bb1_4&Prime; _builder_version=\u00a0\u00bb4.0.9&Prime;][\/et_pb_column][et_pb_column type=\u00a0\u00bb1_2&Prime; _builder_version=\u00a0\u00bb4.0.9&Prime;][et_pb_divider color=\u00a0\u00bb#474747&Prime; divider_weight=\u00a0\u00bb1px\u00a0\u00bb _builder_version=\u00a0\u00bb4.0.9&Prime; background_color=\u00a0\u00bbrgba(0,0,0,0)\u00a0\u00bb custom_margin=\u00a0\u00bb||-17px|||\u00a0\u00bb][\/et_pb_divider][\/et_pb_column][et_pb_column type=\u00a0\u00bb1_4&Prime; _builder_version=\u00a0\u00bb4.0.9&Prime;][\/et_pb_column][\/et_pb_row][\/et_pb_section]<\/p>\n","protected":false},"excerpt":{"rendered":"<p>[et_pb_section fb_built=\u00a0\u00bb1&Prime; custom_padding_last_edited=\u00a0\u00bboff|desktop\u00a0\u00bb admin_label=\u00a0\u00bbHeader Section\u00a0\u00bb _builder_version=\u00a0\u00bb4.0.9&Prime; use_background_color_gradient=\u00a0\u00bbon\u00a0\u00bb background_color_gradient_start=\u00a0\u00bb#ffffff\u00a0\u00bb background_color_gradient_end=\u00a0\u00bbrgba(255,255,255,0)\u00a0\u00bb background_color_gradient_start_position=\u00a0\u00bb40%\u00a0\u00bb background_color_gradient_overlays_image=\u00a0\u00bbon\u00a0\u00bb background_image=\u00a0\u00bbhttp:\/\/www.moulinahuilecoudoux.com\/site\/wp-content\/uploads\/2020\/01\/moulin-de-coudoux-poeme-de-lolive.png\u00a0\u00bb min_height=\u00a0\u00bb512px\u00a0\u00bb custom_padding=\u00a0\u00bb2.7%|0px|9.8%|0px||\u00a0\u00bb custom_padding_tablet=\u00a0\u00bb320px|0px|0px|0px\u00a0\u00bb][et_pb_row admin_label=\u00a0\u00bbHeader Row\u00a0\u00bb _builder_version=\u00a0\u00bb3.25&Prime;][et_pb_column type=\u00a0\u00bb4_4&Prime; _builder_version=\u00a0\u00bb3.25&Prime; custom_padding=\u00a0\u00bb|||\u00a0\u00bb custom_padding__hover=\u00a0\u00bb|||\u00a0\u00bb][et_pb_text _builder_version=\u00a0\u00bb4.0.9&Prime; text_font=\u00a0\u00bbOpen Sans|600|||||||\u00a0\u00bb text_text_color=\u00a0\u00bb#6b6b6b\u00a0\u00bb text_font_size=\u00a0\u00bb16px\u00a0\u00bb text_line_height=\u00a0\u00bb1.8em\u00a0\u00bb header_font=\u00a0\u00bbOswald|||on|||||\u00a0\u00bb header_font_size=\u00a0\u00bb60px\u00a0\u00bb header_letter_spacing=\u00a0\u00bb5px\u00a0\u00bb header_line_height=\u00a0\u00bb1.4em\u00a0\u00bb text_orientation=\u00a0\u00bbcenter\u00a0\u00bb max_width=\u00a0\u00bb700px\u00a0\u00bb module_alignment=\u00a0\u00bbcenter\u00a0\u00bb custom_margin=\u00a0\u00bb||-50px|||\u00a0\u00bb custom_padding=\u00a0\u00bb66px|||||\u00a0\u00bb animation_style=\u00a0\u00bbfade\u00a0\u00bb] UNE SAVEUR RARE [\/et_pb_text][\/et_pb_column][\/et_pb_row][\/et_pb_section][et_pb_section fb_built=\u00a0\u00bb1&Prime; _builder_version=\u00a0\u00bb4.0.9&Prime; custom_margin=\u00a0\u00bb67px|||||\u00a0\u00bb][et_pb_row _builder_version=\u00a0\u00bb4.0.9&Prime; background_color=\u00a0\u00bb#00722d\u00a0\u00bb custom_margin=\u00a0\u00bb-181px|auto||auto||\u00a0\u00bb custom_padding=\u00a0\u00bb27px||54px|||\u00a0\u00bb][et_pb_column type=\u00a0\u00bb4_4&Prime; _builder_version=\u00a0\u00bb4.0.9&Prime;][et_pb_text _builder_version=\u00a0\u00bb4.0.9&Prime; text_font=\u00a0\u00bb|600|||||||\u00a0\u00bb text_text_color=\u00a0\u00bb#ffffff\u00a0\u00bb text_font_size=\u00a0\u00bb31px\u00a0\u00bb [&hellip;]<\/p>\n","protected":false},"author":2,"featured_media":0,"parent":8,"menu_order":3,"comment_status":"open","ping_status":"open","template":"","meta":{"_et_pb_use_builder":"on","_et_pb_old_content":"<h1><span style=\"color: #00722d;\"><strong>Le vrai \"fruit\u00e9 noir\", une saveur rare<\/strong>\r\n<\/span><\/h1>\r\nPour obtenir une huile \u201cfruit\u00e9 noir\u201d, les olives subissent <span style=\"color: #004520; font-size: 10pt;\"><strong>une phase de maturation contr\u00f4l\u00e9e<\/strong><\/span> de deux \u00e0 sept jours. C\u2019est l\u2019huile comme on prenait le temps de la produire jadis. Cette \u00e9tape de <span style=\"color: #004520; font-size: 10pt;\"><strong>\u201csurmaturation\u201d<\/strong><\/span> permet de cr\u00e9er une huile \u00e0 la saveur particuli\u00e8re, caract\u00e9ris\u00e9e par des parfums de champignon, de foin coup\u00e9, avec un ar\u00f4me de fond \u00e9voquant la noisette. Les ar\u00f4mes du \u201cfruit\u00e9 noir\u201d rappellent aussi typiquement l\u2019olive noire. Toutes ces saveurs contribuent \u00e0 l\u2019\u00e9quilibre de cette huile douce en bouche et particuli\u00e8rement fruit\u00e9e <span style=\"color: #004520; font-size: 10pt;\"><strong>sans amertume ni ardence.<\/strong><\/span>\r\n<h1><\/h1>\r\n<h1 style=\"text-align: left;\"><span style=\"color: #00722d;\"><strong>Nos r\u00e9compenses<img class=\"alignright size-full wp-image-236\" title=\"Medaille argent coudoux 11\" src=\"http:\/\/www.moulinahuilecoudoux.com\/site\/wp-content\/uploads\/2011\/11\/Medaille-argent-coudoux-11-.jpg\" alt=\"\" width=\"130\" height=\"130\" \/><\/strong>\r\n<\/span><\/h1>\r\n<div>\r\n\r\n<strong>2011<\/strong> M\u00e9daille d'argent au Concours G\u00e9n\u00e9ral Agricole <strong>AOC<\/strong>\r\n<strong>2010<\/strong> M\u00e9daille d'or au Concours G\u00e9n\u00e9ral Agricole <strong>AOC<\/strong>\r\n<strong>2010<\/strong> M\u00e9daille d'argent au concours\u00a0r\u00e9gional\r\n<span style=\"padding-left: 34px;\">des huiles d'olives\u00a0PACA <strong>M\u00e9thode traditionnelle<\/strong><\/span>\r\n<strong>2010<\/strong> M\u00e9daille de bronze au concours r\u00e9gional\r\n<span style=\"padding-left: 34px;\">des huiles d'olives\u00a0PACA <strong>AOC<\/strong><\/span>\r\n<strong>2009<\/strong> M\u00e9daille d'argent au Concours G\u00e9n\u00e9ral Agricole <strong>AOC<\/strong>\r\n<strong>2009<\/strong> M\u00e9daille d'or au Concours G\u00e9n\u00e9ral Agricole <strong>M\u00e9thode traditionnelle<\/strong>\r\n<strong>2008<\/strong> M\u00e9daille d'or au Concours G\u00e9n\u00e9ral Agricole <strong>M\u00e9thode traditionnelle<\/strong>\r\n<strong>2005<\/strong> M\u00e9daille d'or au Concours G\u00e9n\u00e9ral Agricole <strong>AOC<\/strong>\r\n<strong>2005<\/strong> M\u00e9daille d'or au Concours G\u00e9n\u00e9ral Agricole <strong>M\u00e9thode traditionnelle<\/strong>\r\n<strong>2002<\/strong> M\u00e9daille d'argent au Concours G\u00e9n\u00e9ral Agricole<strong> AOC<\/strong>\r\n<strong>2001<\/strong> Grand prix des consommateurs des huiles d\u2019olives <strong>\"La Provence\"<\/strong>\r\n<strong>1999<\/strong> L'huile de Coudoux obtient\r\n<span style=\"padding-left: 34px;\">l'Appellation d'Origine Contr\u00f4l\u00e9e <strong>\"Huile d'olive d'Aix-en-Provence\"AOC<\/strong><\/span>\r\n<strong>1991<\/strong> M\u00e9daille d'or au Concours G\u00e9n\u00e9ral Agricole <strong>M\u00e9thode traditionnelle<\/strong>\r\n\r\n<\/div>\r\n&nbsp;\r\n<h1><strong>Le cycle \u00e9cologique de l'olive<\/strong><\/h1>\r\nLes fragments de noyaux, de peaux, les r\u00e9sidus de pulpe (grignons), comme l\u2019eau de v\u00e9g\u00e9tation issue de l\u2019extraction de l\u2019huile (margines), sont r\u00e9cup\u00e9r\u00e9s et retournent nourrir les oliviers... <span style=\"color: #004520; font-size: 10pt;\"><strong>N\u00e9e de la terre, de retour \u00e0 la terre.<\/strong><\/span>"},"_links":{"self":[{"href":"http:\/\/www.moulinahuilecoudoux.com\/site\/wp-json\/wp\/v2\/pages\/94"}],"collection":[{"href":"http:\/\/www.moulinahuilecoudoux.com\/site\/wp-json\/wp\/v2\/pages"}],"about":[{"href":"http:\/\/www.moulinahuilecoudoux.com\/site\/wp-json\/wp\/v2\/types\/page"}],"author":[{"embeddable":true,"href":"http:\/\/www.moulinahuilecoudoux.com\/site\/wp-json\/wp\/v2\/users\/2"}],"replies":[{"embeddable":true,"href":"http:\/\/www.moulinahuilecoudoux.com\/site\/wp-json\/wp\/v2\/comments?post=94"}],"version-history":[{"count":54,"href":"http:\/\/www.moulinahuilecoudoux.com\/site\/wp-json\/wp\/v2\/pages\/94\/revisions"}],"predecessor-version":[{"id":1125,"href":"http:\/\/www.moulinahuilecoudoux.com\/site\/wp-json\/wp\/v2\/pages\/94\/revisions\/1125"}],"up":[{"embeddable":true,"href":"http:\/\/www.moulinahuilecoudoux.com\/site\/wp-json\/wp\/v2\/pages\/8"}],"wp:attachment":[{"href":"http:\/\/www.moulinahuilecoudoux.com\/site\/wp-json\/wp\/v2\/media?parent=94"}],"curies":[{"name":"wp","href":"https:\/\/api.w.org\/{rel}","templated":true}]}}