{"id":22,"date":"2011-10-29T12:40:26","date_gmt":"2011-10-29T12:40:26","guid":{"rendered":"http:\/\/www.moulinahuilecoudoux.com\/site\/?page_id=22"},"modified":"2020-02-25T11:44:23","modified_gmt":"2020-02-25T11:44:23","slug":"accueil","status":"publish","type":"page","link":"http:\/\/www.moulinahuilecoudoux.com\/site\/","title":{"rendered":"Accueil"},"content":{"rendered":"<p>[et_pb_section fb_built=\u00a0\u00bb1&Prime; _builder_version=\u00a0\u00bb4.0.9&Prime; background_image=\u00a0\u00bbhttp:\/\/www.moulinahuilecoudoux.com\/site\/wp-content\/uploads\/2020\/01\/moulin-de-coudoux-olivier.png\u00a0\u00bb min_height=\u00a0\u00bb630px\u00a0\u00bb custom_margin=\u00a0\u00bb||27px|||\u00a0\u00bb custom_padding=\u00a0\u00bb||30px|||\u00a0\u00bb][et_pb_row _builder_version=\u00a0\u00bb4.0.9&Prime; background_color=\u00a0\u00bbrgba(255,255,255,0.48)\u00a0\u00bb width=\u00a0\u00bb100%\u00a0\u00bb module_alignment=\u00a0\u00bbcenter\u00a0\u00bb min_height=\u00a0\u00bb430px\u00a0\u00bb custom_margin=\u00a0\u00bb|-1px|40px|-1px|false|true\u00a0\u00bb custom_padding=\u00a0\u00bb||18px|||\u00a0\u00bb][et_pb_column type=\u00a0\u00bb4_4&Prime; _builder_version=\u00a0\u00bb4.0.9&Prime;][et_pb_text _builder_version=\u00a0\u00bb4.0.9&Prime; text_font=\u00a0\u00bb|600|||||||\u00a0\u00bb text_text_color=\u00a0\u00bb#383838&Prime; text_font_size=\u00a0\u00bb41px\u00a0\u00bb custom_padding=\u00a0\u00bb57px||57px|76px|false|false\u00a0\u00bb text_line_height_tablet=\u00a0\u00bb\u00a0\u00bb text_line_height_phone=\u00a0\u00bb1.8em\u00a0\u00bb text_line_height_last_edited=\u00a0\u00bbon|phone\u00a0\u00bb]\u00a0\u00bbL&rsquo;or vert\u00a0\u00bb du moulin de Coudoux[\/et_pb_text][et_pb_text content_tablet=\u00a0\u00bb<\/p>\n<p><span>Premi\u00e8re pression \u00e0 froid<\/span><\/p>\n<p>S\u00e9paration de l&rsquo;huile par ramassage manuel %22\u00e0 la feuille%22<\/p>\n<p>\u00a0\u00bb content_phone=\u00a0\u00bb<\/p>\n<p><span>Premi\u00e8re pression \u00e0 froid<\/span><\/p>\n<p>S\u00e9paration de l&rsquo;huile par ramassage manuel %22\u00e0 la feuille%22<\/p>\n<p>\u00a0\u00bb content_last_edited=\u00a0\u00bbon|phone\u00a0\u00bb _builder_version=\u00a0\u00bb4.0.9&Prime; text_font=\u00a0\u00bb||||||||\u00a0\u00bb text_text_color=\u00a0\u00bb#383838&Prime; text_font_size=\u00a0\u00bb39px\u00a0\u00bb text_line_height=\u00a0\u00bb1.4em\u00a0\u00bb header_text_align=\u00a0\u00bbleft\u00a0\u00bb width=\u00a0\u00bb100%\u00a0\u00bb custom_margin=\u00a0\u00bb|-116px||||\u00a0\u00bb custom_padding=\u00a0\u00bb0px|0px|0px|95px||\u00a0\u00bb]<\/p>\n<p><span style=\"font-size: 39px;\">Premi\u00e8re pression \u00e0 froid<\/span><\/p>\n<p>S\u00e9paration de l&rsquo;huile par ramassage manuel \u00ab\u00a0\u00e0 la feuille\u00a0\u00bb<\/p>\n<p>[\/et_pb_text][\/et_pb_column][\/et_pb_row][\/et_pb_section][et_pb_section fb_built=\u00a0\u00bb1&Prime; _builder_version=\u00a0\u00bb4.0.9&Prime; custom_padding=\u00a0\u00bb26px||0px|||\u00a0\u00bb][et_pb_row _builder_version=\u00a0\u00bb4.0.9&Prime;][et_pb_column type=\u00a0\u00bb4_4&Prime; _builder_version=\u00a0\u00bb4.0.9&Prime;][et_pb_text _builder_version=\u00a0\u00bb4.0.9&Prime; text_font_size=\u00a0\u00bb46px\u00a0\u00bb text_orientation=\u00a0\u00bbcenter\u00a0\u00bb custom_padding=\u00a0\u00bb0px|||||\u00a0\u00bb text_line_height_tablet=\u00a0\u00bb\u00a0\u00bb text_line_height_phone=\u00a0\u00bb1.8em\u00a0\u00bb text_line_height_last_edited=\u00a0\u00bbon|phone\u00a0\u00bb]<\/p>\n<p>La qualit\u00e9 au coeur de la tradition<\/p>\n<p>[\/et_pb_text][\/et_pb_column][\/et_pb_row][et_pb_row column_structure=\u00a0\u00bb1_5,3_5,1_5&Prime; _builder_version=\u00a0\u00bb4.0.9&Prime; custom_padding=\u00a0\u00bb||1px|||\u00a0\u00bb][et_pb_column type=\u00a0\u00bb1_5&Prime; _builder_version=\u00a0\u00bb4.0.9&Prime;][\/et_pb_column][et_pb_column type=\u00a0\u00bb3_5&Prime; _builder_version=\u00a0\u00bb4.0.9&Prime;][et_pb_divider _builder_version=\u00a0\u00bb4.0.9&Prime; custom_margin=\u00a0\u00bb-5px|||||\u00a0\u00bb][\/et_pb_divider][\/et_pb_column][et_pb_column type=\u00a0\u00bb1_5&Prime; _builder_version=\u00a0\u00bb4.0.9&Prime;][\/et_pb_column][\/et_pb_row][\/et_pb_section][et_pb_section fb_built=\u00a0\u00bb1&Prime; _builder_version=\u00a0\u00bb4.0.9&Prime; background_color=\u00a0\u00bb#00722d\u00a0\u00bb background_enable_image=\u00a0\u00bboff\u00a0\u00bb min_height=\u00a0\u00bb634px\u00a0\u00bb custom_margin=\u00a0\u00bb31px|||||\u00a0\u00bb custom_padding=\u00a0\u00bb60px||65px|||\u00a0\u00bb][et_pb_row _builder_version=\u00a0\u00bb4.0.9&Prime;][et_pb_column type=\u00a0\u00bb4_4&Prime; _builder_version=\u00a0\u00bb4.0.9&Prime;][et_pb_text _builder_version=\u00a0\u00bb4.0.9&Prime; text_text_color=\u00a0\u00bb#ffffff\u00a0\u00bb text_font_size=\u00a0\u00bb42px\u00a0\u00bb text_orientation=\u00a0\u00bbcenter\u00a0\u00bb]<\/p>\n<p>Depuis 1911&#8230;<\/p>\n<p>[\/et_pb_text][\/et_pb_column][\/et_pb_row][et_pb_row column_structure=\u00a0\u00bb1_3,1_3,1_3&Prime; _builder_version=\u00a0\u00bb4.0.9&Prime; module_alignment=\u00a0\u00bbcenter\u00a0\u00bb custom_margin=\u00a0\u00bb|auto||134px||\u00a0\u00bb custom_padding=\u00a0\u00bb52px|||||\u00a0\u00bb][et_pb_column type=\u00a0\u00bb1_3&Prime; _builder_version=\u00a0\u00bb4.0.9&Prime;][et_pb_image src=\u00a0\u00bbhttp:\/\/www.moulinahuilecoudoux.com\/site\/wp-content\/uploads\/2020\/01\/1973-MOULIN-DE-COUDOUX-meule.png\u00a0\u00bb _builder_version=\u00a0\u00bb4.0.9&Prime; border_width_all=\u00a0\u00bb3px\u00a0\u00bb border_color_all=\u00a0\u00bb#ffffff\u00a0\u00bb][\/et_pb_image][\/et_pb_column][et_pb_column type=\u00a0\u00bb1_3&Prime; _builder_version=\u00a0\u00bb4.0.9&Prime;][et_pb_image src=\u00a0\u00bbhttp:\/\/www.moulinahuilecoudoux.com\/site\/wp-content\/uploads\/2020\/01\/1973-MOULIN-DE-COUDOUX-remplissage-des-scourtins-\u00e0-la-main.png\u00a0\u00bb _builder_version=\u00a0\u00bb4.0.9&Prime; background_color=\u00a0\u00bb#ffffff\u00a0\u00bb border_width_all=\u00a0\u00bb3px\u00a0\u00bb border_color_all=\u00a0\u00bb#ffffff\u00a0\u00bb][\/et_pb_image][\/et_pb_column][et_pb_column type=\u00a0\u00bb1_3&Prime; _builder_version=\u00a0\u00bb4.0.9&Prime;][et_pb_image src=\u00a0\u00bbhttp:\/\/www.moulinahuilecoudoux.com\/site\/wp-content\/uploads\/2020\/01\/1973-MOULIN-DE-COUDOUX-presse-1.png\u00a0\u00bb _builder_version=\u00a0\u00bb4.0.9&Prime; min_height=\u00a0\u00bb471px\u00a0\u00bb border_width_all=\u00a0\u00bb3px\u00a0\u00bb border_color_all=\u00a0\u00bb#ffffff\u00a0\u00bb][\/et_pb_image][\/et_pb_column][\/et_pb_row][\/et_pb_section][et_pb_section fb_built=\u00a0\u00bb1&Prime; _builder_version=\u00a0\u00bb4.0.9&Prime;][et_pb_row column_structure=\u00a0\u00bb2_5,3_5&Prime; _builder_version=\u00a0\u00bb4.0.9&Prime; module_alignment=\u00a0\u00bbcenter\u00a0\u00bb custom_margin=\u00a0\u00bb|auto||56px||\u00a0\u00bb custom_padding=\u00a0\u00bb||37px|||\u00a0\u00bb][et_pb_column type=\u00a0\u00bb2_5&Prime; _builder_version=\u00a0\u00bb4.0.9&Prime;][et_pb_image src=\u00a0\u00bbhttp:\/\/www.moulinahuilecoudoux.com\/site\/wp-content\/uploads\/2020\/01\/moulin-de-coudoux-poeme-de-lolive.png\u00a0\u00bb admin_label=\u00a0\u00bbImage\u00a0\u00bb _builder_version=\u00a0\u00bb4.0.9&Prime; border_width_all=\u00a0\u00bb2px\u00a0\u00bb border_color_all=\u00a0\u00bb#000000&Prime; box_shadow_style=\u00a0\u00bbpreset2&Prime;][\/et_pb_image][\/et_pb_column][et_pb_column type=\u00a0\u00bb3_5&Prime; _builder_version=\u00a0\u00bb4.0.9&Prime;][et_pb_text _builder_version=\u00a0\u00bb4.0.9&Prime; text_font_size=\u00a0\u00bb32px\u00a0\u00bb text_letter_spacing=\u00a0\u00bb2px\u00a0\u00bb text_line_height=\u00a0\u00bb1.8em\u00a0\u00bb custom_padding=\u00a0\u00bb0px|||||\u00a0\u00bb]<\/p>\n<p>\u00ab\u00a0Pour que \u00e7a r\u00e9jouisse le c\u0153ur, il a bien fallu que ce soit fait avec le c\u0153ur\u00a0\u00bb<\/p>\n<p>[\/et_pb_text][et_pb_text _builder_version=\u00a0\u00bb4.0.9&Prime;]<\/p>\n<p>Po\u00e8me de l&rsquo;olive &#8211; Jean Giono<\/p>\n<p>[\/et_pb_text][\/et_pb_column][\/et_pb_row][\/et_pb_section][et_pb_section fb_built=\u00a0\u00bb1&Prime; _builder_version=\u00a0\u00bb4.0.9&Prime; background_color=\u00a0\u00bb#00722d\u00a0\u00bb][et_pb_row _builder_version=\u00a0\u00bb4.0.9&Prime;][et_pb_column type=\u00a0\u00bb4_4&Prime; _builder_version=\u00a0\u00bb4.0.9&Prime;][et_pb_text _builder_version=\u00a0\u00bb4.0.9&Prime; text_text_color=\u00a0\u00bb#ffffff\u00a0\u00bb text_font_size=\u00a0\u00bb46px\u00a0\u00bb text_orientation=\u00a0\u00bbcenter\u00a0\u00bb custom_padding=\u00a0\u00bb||6px|||\u00a0\u00bb text_line_height_tablet=\u00a0\u00bb\u00a0\u00bb text_line_height_phone=\u00a0\u00bb1.8em\u00a0\u00bb text_line_height_last_edited=\u00a0\u00bbon|phone\u00a0\u00bb]<\/p>\n<p>Fabrication \u00e0 l&rsquo;ancienne&#8230;<\/p>\n<p>[\/et_pb_text][\/et_pb_column][\/et_pb_row][et_pb_row column_structure=\u00a0\u00bb1_3,1_3,1_3&Prime; _builder_version=\u00a0\u00bb4.0.9&Prime; module_alignment=\u00a0\u00bbcenter\u00a0\u00bb custom_margin=\u00a0\u00bb42px|114px||auto||\u00a0\u00bb][et_pb_column type=\u00a0\u00bb1_3&Prime; _builder_version=\u00a0\u00bb4.0.9&Prime;][et_pb_image src=\u00a0\u00bbhttp:\/\/www.moulinahuilecoudoux.com\/site\/wp-content\/uploads\/2020\/01\/moulin-de-coudoux-fabrication3.png\u00a0\u00bb _builder_version=\u00a0\u00bb4.0.9&Prime; border_width_all=\u00a0\u00bb3px\u00a0\u00bb border_color_all=\u00a0\u00bb#ffffff\u00a0\u00bb][\/et_pb_image][\/et_pb_column][et_pb_column type=\u00a0\u00bb1_3&Prime; _builder_version=\u00a0\u00bb4.0.9&Prime;][et_pb_image src=\u00a0\u00bbhttp:\/\/www.moulinahuilecoudoux.com\/site\/wp-content\/uploads\/2020\/01\/moulin-de-coudoux-fabrication-5.png\u00a0\u00bb _builder_version=\u00a0\u00bb4.0.9&Prime; border_width_all=\u00a0\u00bb3px\u00a0\u00bb border_color_all=\u00a0\u00bb#ffffff\u00a0\u00bb][\/et_pb_image][\/et_pb_column][et_pb_column type=\u00a0\u00bb1_3&Prime; _builder_version=\u00a0\u00bb4.0.9&Prime;][et_pb_image src=\u00a0\u00bbhttp:\/\/www.moulinahuilecoudoux.com\/site\/wp-content\/uploads\/2020\/01\/moulin-de-coudoux-fabrication-8-scaled.jpg\u00a0\u00bb _builder_version=\u00a0\u00bb4.0.9&Prime; background_color=\u00a0\u00bb#ffffff\u00a0\u00bb border_width_all=\u00a0\u00bb3px\u00a0\u00bb border_color_all=\u00a0\u00bb#ffffff\u00a0\u00bb][\/et_pb_image][\/et_pb_column][\/et_pb_row][\/et_pb_section]<\/p>\n","protected":false},"excerpt":{"rendered":"<p>[et_pb_section fb_built=\u00a0\u00bb1&Prime; _builder_version=\u00a0\u00bb4.0.9&Prime; background_image=\u00a0\u00bbhttp:\/\/www.moulinahuilecoudoux.com\/site\/wp-content\/uploads\/2020\/01\/moulin-de-coudoux-olivier.png\u00a0\u00bb min_height=\u00a0\u00bb630px\u00a0\u00bb custom_margin=\u00a0\u00bb||27px|||\u00a0\u00bb custom_padding=\u00a0\u00bb||30px|||\u00a0\u00bb][et_pb_row _builder_version=\u00a0\u00bb4.0.9&Prime; background_color=\u00a0\u00bbrgba(255,255,255,0.48)\u00a0\u00bb width=\u00a0\u00bb100%\u00a0\u00bb module_alignment=\u00a0\u00bbcenter\u00a0\u00bb min_height=\u00a0\u00bb430px\u00a0\u00bb custom_margin=\u00a0\u00bb|-1px|40px|-1px|false|true\u00a0\u00bb custom_padding=\u00a0\u00bb||18px|||\u00a0\u00bb][et_pb_column type=\u00a0\u00bb4_4&Prime; _builder_version=\u00a0\u00bb4.0.9&Prime;][et_pb_text _builder_version=\u00a0\u00bb4.0.9&Prime; text_font=\u00a0\u00bb|600|||||||\u00a0\u00bb text_text_color=\u00a0\u00bb#383838&Prime; text_font_size=\u00a0\u00bb41px\u00a0\u00bb custom_padding=\u00a0\u00bb57px||57px|76px|false|false\u00a0\u00bb text_line_height_tablet=\u00a0\u00bb\u00a0\u00bb text_line_height_phone=\u00a0\u00bb1.8em\u00a0\u00bb text_line_height_last_edited=\u00a0\u00bbon|phone\u00a0\u00bb]\u00a0\u00bbL&rsquo;or vert\u00a0\u00bb du moulin de Coudoux[\/et_pb_text][et_pb_text content_tablet=\u00a0\u00bb Premi\u00e8re pression \u00e0 froid S\u00e9paration de l&rsquo;huile par ramassage manuel %22\u00e0 la feuille%22 \u00a0\u00bb content_phone=\u00a0\u00bb Premi\u00e8re pression \u00e0 froid S\u00e9paration de l&rsquo;huile par ramassage manuel [&hellip;]<\/p>\n","protected":false},"author":2,"featured_media":0,"parent":0,"menu_order":0,"comment_status":"open","ping_status":"open","template":"","meta":{"_et_pb_use_builder":"on","_et_pb_old_content":""},"_links":{"self":[{"href":"http:\/\/www.moulinahuilecoudoux.com\/site\/wp-json\/wp\/v2\/pages\/22"}],"collection":[{"href":"http:\/\/www.moulinahuilecoudoux.com\/site\/wp-json\/wp\/v2\/pages"}],"about":[{"href":"http:\/\/www.moulinahuilecoudoux.com\/site\/wp-json\/wp\/v2\/types\/page"}],"author":[{"embeddable":true,"href":"http:\/\/www.moulinahuilecoudoux.com\/site\/wp-json\/wp\/v2\/users\/2"}],"replies":[{"embeddable":true,"href":"http:\/\/www.moulinahuilecoudoux.com\/site\/wp-json\/wp\/v2\/comments?post=22"}],"version-history":[{"count":51,"href":"http:\/\/www.moulinahuilecoudoux.com\/site\/wp-json\/wp\/v2\/pages\/22\/revisions"}],"predecessor-version":[{"id":1162,"href":"http:\/\/www.moulinahuilecoudoux.com\/site\/wp-json\/wp\/v2\/pages\/22\/revisions\/1162"}],"wp:attachment":[{"href":"http:\/\/www.moulinahuilecoudoux.com\/site\/wp-json\/wp\/v2\/media?parent=22"}],"curies":[{"name":"wp","href":"https:\/\/api.w.org\/{rel}","templated":true}]}}